{"id":88,"date":"2025-01-31T09:06:23","date_gmt":"2025-01-31T09:06:23","guid":{"rendered":"http:\/\/localhost:8093\/?page_id=88"},"modified":"2025-07-03T16:34:12","modified_gmt":"2025-07-03T16:34:12","slug":"attivita","status":"publish","type":"page","link":"https:\/\/oratoriosolomeo.it\/it\/attivita\/","title":{"rendered":"Attivit\u00e0"},"content":{"rendered":"\n<iv class=\"wp-block-sd-custom-block-banner-full main\">\n                    <section class=\"banner full\">\n                        <figure class=\"img d-block d-lg-none bh-lazyLoad\" data-src=\"https:\/\/oratoriosolomeo.it\/\/wp-content\/uploads\/2025\/01\/banner-hp-attivita-mobile-1.jpg\"><\/figure>\n                        <figure class=\"img d-none d-lg-block bh-lazyLoad\" data-src=\"https:\/\/oratoriosolomeo.it\/wp-content\/uploads\/2025\/02\/24-01-25_riga_1_style1_PA_Brunello_Cucinelli-1.jpg\"><\/figure>\n                        <div class=\"gradient\"><\/div>\n                        <div class=\"title-page\">\n                            <header class=\"heading\">\n                                <h1 class=\"title light\">Attivit\u00e0<\/h1>\n                            <\/header>\n                        <\/div>\n                    <\/section>\n                <\/iv>\n\n\n\n\n\n                    <div class=\"in-view bh-checkPanels\">\n                        <section class=\"banner text\">\n                            \n                            \n                                    <div class=\"txt medium\">\n                                        <p>Progettato come una sorta di &#8220;cortile di quartiere&#8221; contemporaneo per favorire l&#8217;aggregazione spontanea dei giovanissimi, l&#8217;Oratorio Solomeo si basa su un metodo di allenamento che prevede uno &#8220;schema multiplo&#8221;. Le attivit\u00e0 sono realizzate in contemporanea tra le diverse fasce d&#8217;et\u00e0: la presenza simultanea di diversi allenatori consente, cos\u00ec, di poter trasmettere non solo competenze tecniche ma, anche, favorire i valori di sportivit\u00e0, socialit\u00e0 e aiuto reciproco.<\/p>\n                                    <\/div>\n                                \n                            \n\n                        <\/section>\n                    <\/div>\n                \n\n\n\n\n                    <div class=\"in-view bh-checkPanels\">\n                        <section class=\"panel-default double-same\">\n                            <div class=\"box img-text\">\n                                \n                                <figure class=\"ctn-img\">\n                                        <img class=\"d-block d-md-none bh-lazyLoad\" data-src=\"https:\/\/oratoriosolomeo.it\/\/wp-content\/uploads\/2025\/01\/img-attivita-1.jpg\" alt=\"\" \/>\n                                        <img class=\"d-none d-md-block bh-lazyLoad\" data-src=\"https:\/\/oratoriosolomeo.it\/\/wp-content\/uploads\/2025\/01\/img-attivita-1.jpg\" alt=\"\" \/>\n                                    <\/figure>   \n                                    <div class=\"ctn-text\">\n                                        <header class=\"heading\">\n                                            <h2 class=\"title medium\">\n                                                Discipline Sportive\n                                            <\/h2>\n                                        <\/header>\n                                        <div class=\"txt\">\n                                            <p>Dal Calcio al rugby, dal basket al karate, l\u2019Oratorio Solomeo \u00e8 strutturato per far approcciare ai giovanissimi diverse discipline ed esercizi di preparazione atletica, nella convinzione che lo sport rappresenti un nobile mezzo per favorire consapevolezza e responsabilit\u00e0.<br><\/p>\n                                        <\/div>\n                                        \n                                                <div class=\"buttons-bar\">\n                                                    <a href=\"https:\/\/oratoriosolomeo.it\/it\/contatti\/\" class=\"cta\" rel=\"\" target=\"\">MAGGIORI INFORMAZIONI<\/a>\n                                                <\/div>\n                                            \n                                    <\/div>\n                            <\/div>\n                        <\/section>\n                    <\/div>\n                \n\n\n\n\n                    <div class=\"in-view bh-checkPanels\">\n                        <section class=\"banner wall\">\n                            <div class=\"content\">\n                                <div class=\"container\">\n                                    <div class=\"row\">\n                                        \n                    <div class=\"col-md-4\">\n                        <figure class=\"box img\">\n                            <img class=\"img d-block d-md-none bh-lazyLoad\" data-src=\"https:\/\/oratoriosolomeo.it\/\/wp-content\/uploads\/2025\/01\/img-attivita-2-1.jpg\" alt=\"\" \/>\n                            <img class=\"img d-none d-md-block bh-lazyLoad\" data-src=\"https:\/\/oratoriosolomeo.it\/\/wp-content\/uploads\/2025\/01\/img-attivita-2-1.jpg\"  alt=\"\" \/>\n                        <\/figure>\n                    <\/div>\n                \n                    <div class=\"col-md-4\">\n                        <figure class=\"box img\">\n                            <img class=\"img d-block d-md-none bh-lazyLoad\" data-src=\"https:\/\/oratoriosolomeo.it\/\/wp-content\/uploads\/2025\/01\/img-attivita-2-2.jpg\" alt=\"\" \/>\n                            <img class=\"img d-none d-md-block bh-lazyLoad\" data-src=\"https:\/\/oratoriosolomeo.it\/\/wp-content\/uploads\/2025\/01\/img-attivita-2-2.jpg\"  alt=\"\" \/>\n                        <\/figure>\n                    <\/div>\n                \n                    <div class=\"col-md-4\">\n                        <figure class=\"box img\">\n                            <img class=\"img d-block d-md-none bh-lazyLoad\" data-src=\"https:\/\/oratoriosolomeo.it\/\/wp-content\/uploads\/2025\/01\/img-attivita-2-3.jpg\" alt=\"\" \/>\n                            <img class=\"img d-none d-md-block bh-lazyLoad\" data-src=\"https:\/\/oratoriosolomeo.it\/\/wp-content\/uploads\/2025\/01\/img-attivita-2-3.jpg\"  alt=\"\" \/>\n                        <\/figure>\n                    <\/div>\n                \n                                    <\/div>\n                                <\/div>\n                            <\/div>\n                        <\/section>\n                    <\/div> \n                \n\n\n\n\n                    <div class=\"in-view bh-checkPanels\">\n                        <section class=\"panel-default double-same\">\n                            <div class=\"box img-text\">\n                                \n                                <div class=\"ctn-text\">\n                                        <header class=\"heading\">\n                                            <h2 class=\"title medium\">\n                                                Golden Boy 2025\n                                            <\/h2>\n                                        <\/header>\n                                        <div class=\"txt\">\n                                            <p>Il 27 e 28 maggio 2025, il campus di Oratorio Solomeo ha ospitato le squadre under 23 di Juventus Next Gen, Milano Futuro e Atalanta U23, che hanno disputato il secondo &#8220;Trofeo dell\u2019Armonia Sportiva\u201d di Solomeo. Al termine dell&#8217;evento, dal palco del Teatro Cucinelli, la redazione di Tuttosport ha annunciato i finalisti del &#8220;Premio Golden Boy 2025&#8221;.<\/p>\n                                        <\/div>\n                                        \n                                    <\/div> \n                                    <figure class=\"ctn-img\">\n                                        <img class=\"d-block d-md-none bh-lazyLoad\" data-src=\"https:\/\/oratoriosolomeo.it\/wp-content\/uploads\/2025\/07\/Double-Same-con-testo-1-1-1.png\" alt=\"\" \/>\n                                        <img class=\"d-none d-md-block bh-lazyLoad\" data-src=\"https:\/\/oratoriosolomeo.it\/wp-content\/uploads\/2025\/07\/Double-Same-con-testo-1-1-1.png\" alt=\"\" \/>\n                                    <\/figure>\n                            <\/div>\n                        <\/section>\n                    <\/div>\n                \n\n\n\n\n                    <div class=\"in-view bh-checkPanels\">\n                        <section class=\"banner wall\">\n                            <div class=\"content\">\n                                <div class=\"container\">\n                                    <div class=\"row\">\n                                        \n                    <div class=\"col-md-4\">\n                        <figure class=\"box img\">\n                            <img class=\"img d-block d-md-none bh-lazyLoad\" data-src=\"https:\/\/oratoriosolomeo.it\/wp-content\/uploads\/2025\/07\/wall-1-1.jpg\" alt=\"\" \/>\n                            <img class=\"img d-none d-md-block bh-lazyLoad\" data-src=\"https:\/\/oratoriosolomeo.it\/wp-content\/uploads\/2025\/07\/wall-1-1.jpg\"  alt=\"\" \/>\n                        <\/figure>\n                    <\/div>\n                \n                    <div class=\"col-md-4\">\n                        <figure class=\"box img\">\n                            <img class=\"img d-block d-md-none bh-lazyLoad\" data-src=\"https:\/\/oratoriosolomeo.it\/wp-content\/uploads\/2025\/07\/wall-2.jpg\" alt=\"\" \/>\n                            <img class=\"img d-none d-md-block bh-lazyLoad\" data-src=\"https:\/\/oratoriosolomeo.it\/wp-content\/uploads\/2025\/07\/wall-2.jpg\"  alt=\"\" \/>\n                        <\/figure>\n                    <\/div>\n                \n                    <div class=\"col-md-4\">\n                        <figure class=\"box img\">\n                            <img class=\"img d-block d-md-none bh-lazyLoad\" data-src=\"https:\/\/oratoriosolomeo.it\/wp-content\/uploads\/2025\/07\/wall-3-1.jpg\" alt=\"\" \/>\n                            <img class=\"img d-none d-md-block bh-lazyLoad\" data-src=\"https:\/\/oratoriosolomeo.it\/wp-content\/uploads\/2025\/07\/wall-3-1.jpg\"  alt=\"\" \/>\n                        <\/figure>\n                    <\/div>\n                \n                                    <\/div>\n                                <\/div>\n                            <\/div>\n                        <\/section>\n                    <\/div> \n                \n\n\n\n\n                   <div class=\"in-view bh-checkPanels\">\n                        <section class=\"panel-default archive-events bh-eventArchiveList\">\n                            <div class=\"content\">\n                                <div class=\"container\">\n                                    <div class=\"row\">\n                                        <div class=\"col\">\n                                            <header class=\"heading external\">\n                                                <h2 class=\"title medium\">Archivio Eventi<\/h2>\n                                            <\/header>\n                                        <\/div>\n                                    <\/div>\n                                    <div class=\"slider-archive-events bh-sliderArchiveEvents\">\n                                        <div class=\"row section-slider bh-galleryOverlay __eventArchiveListContainer\">\n                                            \n                                        <\/div>\n                                    <\/div>\n                                <\/div>\n                            <\/div>\n                        <\/section>\n                    <\/div>\n                \n\n\n\n\n                    <div class=\"in-view bh-checkPanels\">\n                        <section class=\"banner parallax spacer-bottom-null bh-bannerParallax\">\n                            <img decoding=\"async\" class=\"img bh-parallaxImage bh-lazyLoad\" data-src=\"https:\/\/oratoriosolomeo.it\/wp-content\/uploads\/2025\/02\/24-01-25_riga_1_style1_HP_Brunello_Cucinelli.jpg\" src=\"data:image\/png;base64,iVBORw0KGgoAAAANSUhEUgAAAAEAAAABCAYAAAAfFcSJAAAAC0lEQVQIW2NgAAIAAAUAAR4f7BQAAAAASUVORK5CYII=\" alt=\"Immagine Parallax\">\n                            <div class=\"gradient\"><\/div>\n                            <div class=\"txt\">\n                                <p>Un luogo dove imparare a crescere, divertendosi<\/p>\n                            <\/div>\n                        <\/section>\n                    <\/div>\n                \n","protected":false},"excerpt":{"rendered":"","protected":false},"author":1,"featured_media":0,"parent":0,"menu_order":0,"comment_status":"closed","ping_status":"closed","template":"","meta":{"footnotes":""},"class_list":["post-88","page","type-page","status-publish","hentry"],"yoast_head":"<!-- This site is optimized with the Yoast SEO plugin v24.4 - https:\/\/yoast.com\/wordpress\/plugins\/seo\/ -->\n<title>Attivit\u00e0 | Oratorio Solomeo<\/title>\n<meta name=\"description\" content=\"Calcio, rugby, basket e karate: Oratorio Solomeo organizza attivit\u00e0 per ragazze e ragazzi dai 5 ai 12 anni ispirate ai valori di sportivit\u00e0, socialit\u00e0 e aiuto reciproco.\" \/>\n<meta name=\"robots\" content=\"index, follow, max-snippet:-1, max-image-preview:large, max-video-preview:-1\" \/>\n<link rel=\"canonical\" href=\"https:\/\/oratoriosolomeo.it\/it\/attivita\/\" \/>\n<meta property=\"og:locale\" content=\"it_IT\" \/>\n<meta property=\"og:type\" content=\"article\" \/>\n<meta property=\"og:title\" content=\"Attivit\u00e0 | Oratorio Solomeo\" \/>\n<meta property=\"og:description\" content=\"Calcio, rugby, basket e karate: Oratorio Solomeo organizza attivit\u00e0 per ragazze e ragazzi dai 5 ai 12 anni ispirate ai valori di sportivit\u00e0, socialit\u00e0 e aiuto reciproco.\" \/>\n<meta property=\"og:url\" content=\"https:\/\/oratoriosolomeo.it\/it\/attivita\/\" \/>\n<meta property=\"og:site_name\" content=\"Oratorio Solomeo\" \/>\n<meta property=\"article:modified_time\" content=\"2025-07-03T16:34:12+00:00\" \/>\n<meta property=\"og:image\" content=\"https:\/\/oratoriosolomeo.it\/\/wp-content\/uploads\/2025\/01\/img-attivita-1.jpg\" \/>\n<meta name=\"twitter:card\" content=\"summary_large_image\" \/>\n<meta name=\"twitter:label1\" content=\"Tempo di lettura stimato\" \/>\n\t<meta name=\"twitter:data1\" content=\"5 minuti\" \/>\n<script type=\"application\/ld+json\" class=\"yoast-schema-graph\">{\"@context\":\"https:\/\/schema.org\",\"@graph\":[{\"@type\":\"WebPage\",\"@id\":\"https:\/\/oratoriosolomeo.it\/it\/attivita\/\",\"url\":\"https:\/\/oratoriosolomeo.it\/it\/attivita\/\",\"name\":\"Attivit\u00e0 | Oratorio Solomeo\",\"isPartOf\":{\"@id\":\"https:\/\/oratoriosolomeo.it\/it\/#website\"},\"primaryImageOfPage\":{\"@id\":\"https:\/\/oratoriosolomeo.it\/it\/attivita\/#primaryimage\"},\"image\":{\"@id\":\"https:\/\/oratoriosolomeo.it\/it\/attivita\/#primaryimage\"},\"thumbnailUrl\":\"https:\/\/oratoriosolomeo.it\/\/wp-content\/uploads\/2025\/01\/img-attivita-1.jpg\",\"datePublished\":\"2025-01-31T09:06:23+00:00\",\"dateModified\":\"2025-07-03T16:34:12+00:00\",\"description\":\"Calcio, rugby, basket e karate: Oratorio Solomeo organizza attivit\u00e0 per ragazze e ragazzi dai 5 ai 12 anni ispirate ai valori di sportivit\u00e0, socialit\u00e0 e aiuto reciproco.\",\"breadcrumb\":{\"@id\":\"https:\/\/oratoriosolomeo.it\/it\/attivita\/#breadcrumb\"},\"inLanguage\":\"it-IT\",\"potentialAction\":[{\"@type\":\"ReadAction\",\"target\":[\"https:\/\/oratoriosolomeo.it\/it\/attivita\/\"]}]},{\"@type\":\"ImageObject\",\"inLanguage\":\"it-IT\",\"@id\":\"https:\/\/oratoriosolomeo.it\/it\/attivita\/#primaryimage\",\"url\":\"https:\/\/oratoriosolomeo.it\/\/wp-content\/uploads\/2025\/01\/img-attivita-1.jpg\",\"contentUrl\":\"https:\/\/oratoriosolomeo.it\/\/wp-content\/uploads\/2025\/01\/img-attivita-1.jpg\"},{\"@type\":\"BreadcrumbList\",\"@id\":\"https:\/\/oratoriosolomeo.it\/it\/attivita\/#breadcrumb\",\"itemListElement\":[{\"@type\":\"ListItem\",\"position\":1,\"name\":\"Home\",\"item\":\"https:\/\/oratoriosolomeo.it\/it\/\"},{\"@type\":\"ListItem\",\"position\":2,\"name\":\"Attivit\u00e0\"}]},{\"@type\":\"WebSite\",\"@id\":\"https:\/\/oratoriosolomeo.it\/it\/#website\",\"url\":\"https:\/\/oratoriosolomeo.it\/it\/\",\"name\":\"Oratorio Solomeo\",\"description\":\"\",\"potentialAction\":[{\"@type\":\"SearchAction\",\"target\":{\"@type\":\"EntryPoint\",\"urlTemplate\":\"https:\/\/oratoriosolomeo.it\/it\/?s={search_term_string}\"},\"query-input\":{\"@type\":\"PropertyValueSpecification\",\"valueRequired\":true,\"valueName\":\"search_term_string\"}}],\"inLanguage\":\"it-IT\"}]}<\/script>\n<!-- \/ Yoast SEO plugin. -->","yoast_head_json":{"title":"Attivit\u00e0 | Oratorio Solomeo","description":"Calcio, rugby, basket e karate: Oratorio Solomeo organizza attivit\u00e0 per ragazze e ragazzi dai 5 ai 12 anni ispirate ai valori di sportivit\u00e0, socialit\u00e0 e aiuto reciproco.","robots":{"index":"index","follow":"follow","max-snippet":"max-snippet:-1","max-image-preview":"max-image-preview:large","max-video-preview":"max-video-preview:-1"},"canonical":"https:\/\/oratoriosolomeo.it\/it\/attivita\/","og_locale":"it_IT","og_type":"article","og_title":"Attivit\u00e0 | Oratorio Solomeo","og_description":"Calcio, rugby, basket e karate: Oratorio Solomeo organizza attivit\u00e0 per ragazze e ragazzi dai 5 ai 12 anni ispirate ai valori di sportivit\u00e0, socialit\u00e0 e aiuto reciproco.","og_url":"https:\/\/oratoriosolomeo.it\/it\/attivita\/","og_site_name":"Oratorio Solomeo","article_modified_time":"2025-07-03T16:34:12+00:00","og_image":[{"url":"https:\/\/oratoriosolomeo.it\/\/wp-content\/uploads\/2025\/01\/img-attivita-1.jpg","type":"","width":"","height":""}],"twitter_card":"summary_large_image","twitter_misc":{"Tempo di lettura stimato":"5 minuti"},"schema":{"@context":"https:\/\/schema.org","@graph":[{"@type":"WebPage","@id":"https:\/\/oratoriosolomeo.it\/it\/attivita\/","url":"https:\/\/oratoriosolomeo.it\/it\/attivita\/","name":"Attivit\u00e0 | Oratorio Solomeo","isPartOf":{"@id":"https:\/\/oratoriosolomeo.it\/it\/#website"},"primaryImageOfPage":{"@id":"https:\/\/oratoriosolomeo.it\/it\/attivita\/#primaryimage"},"image":{"@id":"https:\/\/oratoriosolomeo.it\/it\/attivita\/#primaryimage"},"thumbnailUrl":"https:\/\/oratoriosolomeo.it\/\/wp-content\/uploads\/2025\/01\/img-attivita-1.jpg","datePublished":"2025-01-31T09:06:23+00:00","dateModified":"2025-07-03T16:34:12+00:00","description":"Calcio, rugby, basket e karate: Oratorio Solomeo organizza attivit\u00e0 per ragazze e ragazzi dai 5 ai 12 anni ispirate ai valori di sportivit\u00e0, socialit\u00e0 e aiuto reciproco.","breadcrumb":{"@id":"https:\/\/oratoriosolomeo.it\/it\/attivita\/#breadcrumb"},"inLanguage":"it-IT","potentialAction":[{"@type":"ReadAction","target":["https:\/\/oratoriosolomeo.it\/it\/attivita\/"]}]},{"@type":"ImageObject","inLanguage":"it-IT","@id":"https:\/\/oratoriosolomeo.it\/it\/attivita\/#primaryimage","url":"https:\/\/oratoriosolomeo.it\/\/wp-content\/uploads\/2025\/01\/img-attivita-1.jpg","contentUrl":"https:\/\/oratoriosolomeo.it\/\/wp-content\/uploads\/2025\/01\/img-attivita-1.jpg"},{"@type":"BreadcrumbList","@id":"https:\/\/oratoriosolomeo.it\/it\/attivita\/#breadcrumb","itemListElement":[{"@type":"ListItem","position":1,"name":"Home","item":"https:\/\/oratoriosolomeo.it\/it\/"},{"@type":"ListItem","position":2,"name":"Attivit\u00e0"}]},{"@type":"WebSite","@id":"https:\/\/oratoriosolomeo.it\/it\/#website","url":"https:\/\/oratoriosolomeo.it\/it\/","name":"Oratorio Solomeo","description":"","potentialAction":[{"@type":"SearchAction","target":{"@type":"EntryPoint","urlTemplate":"https:\/\/oratoriosolomeo.it\/it\/?s={search_term_string}"},"query-input":{"@type":"PropertyValueSpecification","valueRequired":true,"valueName":"search_term_string"}}],"inLanguage":"it-IT"}]}},"_links":{"self":[{"href":"https:\/\/oratoriosolomeo.it\/it\/wp-json\/wp\/v2\/pages\/88","targetHints":{"allow":["GET"]}}],"collection":[{"href":"https:\/\/oratoriosolomeo.it\/it\/wp-json\/wp\/v2\/pages"}],"about":[{"href":"https:\/\/oratoriosolomeo.it\/it\/wp-json\/wp\/v2\/types\/page"}],"author":[{"embeddable":true,"href":"https:\/\/oratoriosolomeo.it\/it\/wp-json\/wp\/v2\/users\/1"}],"replies":[{"embeddable":true,"href":"https:\/\/oratoriosolomeo.it\/it\/wp-json\/wp\/v2\/comments?post=88"}],"version-history":[{"count":94,"href":"https:\/\/oratoriosolomeo.it\/it\/wp-json\/wp\/v2\/pages\/88\/revisions"}],"predecessor-version":[{"id":406,"href":"https:\/\/oratoriosolomeo.it\/it\/wp-json\/wp\/v2\/pages\/88\/revisions\/406"}],"wp:attachment":[{"href":"https:\/\/oratoriosolomeo.it\/it\/wp-json\/wp\/v2\/media?parent=88"}],"curies":[{"name":"wp","href":"https:\/\/api.w.org\/{rel}","templated":true}]}}