{"id":75,"date":"2025-01-31T08:22:34","date_gmt":"2025-01-31T08:22:34","guid":{"rendered":"http:\/\/localhost:8093\/?page_id=75"},"modified":"2025-02-17T07:19:19","modified_gmt":"2025-02-17T07:19:19","slug":"contatti","status":"publish","type":"page","link":"https:\/\/oratoriosolomeo.it\/it\/contatti\/","title":{"rendered":"Contatti"},"content":{"rendered":"\n\n                    <section class=\"panel-default double-same spacer-top\">\n                        <div class=\"box img-text centered\">\n                            <figure class=\"ctn-img\">\n                                <img class=\"d-block d-md-none bh-lazyLoad\" data-src=\"https:\/\/oratoriosolomeo.it\/\/wp-content\/uploads\/2025\/01\/img-contatti.jpg\" alt=\"\" \/>\n                                <img class=\"d-none d-md-block bh-lazyLoad\" data-src=\"https:\/\/oratoriosolomeo.it\/\/wp-content\/uploads\/2025\/01\/img-contatti.jpg\" alt=\"\" \/>\n                            <\/figure>\n                            <div class=\"ctn-text\">\n                                <header class=\"heading\">\n                                    <h2 class=\"title medium\">\n                                        Contatti\n                                    <\/h2>\n                                <\/header>\n                                <div class=\"txt\">\n                                    <p>Le attivit\u00e0 dell&#8217;Oratorio Solomeo si svolgono nei pomeriggi da ottobre a giugno, presso il Campus sportivo in Via della Carboneria a Solomeo, Corciano.<br><br>Orari attivit\u00e0: marted\u00ec-venerd\u00ec, ore 17:00 &#8211; 18:30.<br><br>Per informazioni su iscrizioni e altre richieste, \u00e8 possibile contattare l&#8217;Oratorio Solomeo ai seguenti recapiti:<\/p>\n                                    <p>\n                                        <a href=\"mailto:info@oratoriosolomeo.it\">info@oratoriosolomeo.it<\/a>\n                                        <br \/>\n                                        +39 338 2600388\n                                    <\/p>\n                                <\/div>\n                            <\/div>\n                        <\/div>\n                    <\/section>\n                \n","protected":false},"excerpt":{"rendered":"","protected":false},"author":1,"featured_media":0,"parent":0,"menu_order":0,"comment_status":"closed","ping_status":"closed","template":"","meta":{"footnotes":""},"class_list":["post-75","page","type-page","status-publish","hentry"],"yoast_head":"<!-- This site is optimized with the Yoast SEO plugin v24.4 - https:\/\/yoast.com\/wordpress\/plugins\/seo\/ -->\n<title>Contatti | Oratorio Solomeo<\/title>\n<meta name=\"description\" content=\"Scopri come entrare in contatto con Oratorio Solomeo. Siamo a tua disposizione per prenotazioni sulle attivit\u00e0 presso il campus sportivo.\" \/>\n<meta name=\"robots\" content=\"index, follow, max-snippet:-1, max-image-preview:large, max-video-preview:-1\" \/>\n<link rel=\"canonical\" href=\"https:\/\/oratoriosolomeo.it\/it\/contatti\/\" \/>\n<meta property=\"og:locale\" content=\"it_IT\" \/>\n<meta property=\"og:type\" content=\"article\" \/>\n<meta property=\"og:title\" content=\"Contatti | Oratorio Solomeo\" \/>\n<meta property=\"og:description\" content=\"Scopri come entrare in contatto con Oratorio Solomeo. Siamo a tua disposizione per prenotazioni sulle attivit\u00e0 presso il campus sportivo.\" \/>\n<meta property=\"og:url\" content=\"https:\/\/oratoriosolomeo.it\/it\/contatti\/\" \/>\n<meta property=\"og:site_name\" content=\"Oratorio Solomeo\" \/>\n<meta property=\"article:modified_time\" content=\"2025-02-17T07:19:19+00:00\" \/>\n<meta property=\"og:image\" content=\"https:\/\/oratoriosolomeo.it\/\/wp-content\/uploads\/2025\/01\/img-contatti.jpg\" \/>\n<meta name=\"twitter:card\" content=\"summary_large_image\" \/>\n<meta name=\"twitter:label1\" content=\"Tempo di lettura stimato\" \/>\n\t<meta name=\"twitter:data1\" content=\"1 minuto\" \/>\n<script type=\"application\/ld+json\" class=\"yoast-schema-graph\">{\"@context\":\"https:\/\/schema.org\",\"@graph\":[{\"@type\":\"WebPage\",\"@id\":\"https:\/\/oratoriosolomeo.it\/it\/contatti\/\",\"url\":\"https:\/\/oratoriosolomeo.it\/it\/contatti\/\",\"name\":\"Contatti | Oratorio Solomeo\",\"isPartOf\":{\"@id\":\"https:\/\/oratoriosolomeo.it\/it\/#website\"},\"primaryImageOfPage\":{\"@id\":\"https:\/\/oratoriosolomeo.it\/it\/contatti\/#primaryimage\"},\"image\":{\"@id\":\"https:\/\/oratoriosolomeo.it\/it\/contatti\/#primaryimage\"},\"thumbnailUrl\":\"https:\/\/oratoriosolomeo.it\/\/wp-content\/uploads\/2025\/01\/img-contatti.jpg\",\"datePublished\":\"2025-01-31T08:22:34+00:00\",\"dateModified\":\"2025-02-17T07:19:19+00:00\",\"description\":\"Scopri come entrare in contatto con Oratorio Solomeo. Siamo a tua disposizione per prenotazioni sulle attivit\u00e0 presso il campus sportivo.\",\"breadcrumb\":{\"@id\":\"https:\/\/oratoriosolomeo.it\/it\/contatti\/#breadcrumb\"},\"inLanguage\":\"it-IT\",\"potentialAction\":[{\"@type\":\"ReadAction\",\"target\":[\"https:\/\/oratoriosolomeo.it\/it\/contatti\/\"]}]},{\"@type\":\"ImageObject\",\"inLanguage\":\"it-IT\",\"@id\":\"https:\/\/oratoriosolomeo.it\/it\/contatti\/#primaryimage\",\"url\":\"https:\/\/oratoriosolomeo.it\/\/wp-content\/uploads\/2025\/01\/img-contatti.jpg\",\"contentUrl\":\"https:\/\/oratoriosolomeo.it\/\/wp-content\/uploads\/2025\/01\/img-contatti.jpg\"},{\"@type\":\"BreadcrumbList\",\"@id\":\"https:\/\/oratoriosolomeo.it\/it\/contatti\/#breadcrumb\",\"itemListElement\":[{\"@type\":\"ListItem\",\"position\":1,\"name\":\"Home\",\"item\":\"https:\/\/oratoriosolomeo.it\/it\/\"},{\"@type\":\"ListItem\",\"position\":2,\"name\":\"Contatti\"}]},{\"@type\":\"WebSite\",\"@id\":\"https:\/\/oratoriosolomeo.it\/it\/#website\",\"url\":\"https:\/\/oratoriosolomeo.it\/it\/\",\"name\":\"Oratorio Solomeo\",\"description\":\"\",\"potentialAction\":[{\"@type\":\"SearchAction\",\"target\":{\"@type\":\"EntryPoint\",\"urlTemplate\":\"https:\/\/oratoriosolomeo.it\/it\/?s={search_term_string}\"},\"query-input\":{\"@type\":\"PropertyValueSpecification\",\"valueRequired\":true,\"valueName\":\"search_term_string\"}}],\"inLanguage\":\"it-IT\"}]}<\/script>\n<!-- \/ Yoast SEO plugin. -->","yoast_head_json":{"title":"Contatti | Oratorio Solomeo","description":"Scopri come entrare in contatto con Oratorio Solomeo. Siamo a tua disposizione per prenotazioni sulle attivit\u00e0 presso il campus sportivo.","robots":{"index":"index","follow":"follow","max-snippet":"max-snippet:-1","max-image-preview":"max-image-preview:large","max-video-preview":"max-video-preview:-1"},"canonical":"https:\/\/oratoriosolomeo.it\/it\/contatti\/","og_locale":"it_IT","og_type":"article","og_title":"Contatti | Oratorio Solomeo","og_description":"Scopri come entrare in contatto con Oratorio Solomeo. Siamo a tua disposizione per prenotazioni sulle attivit\u00e0 presso il campus sportivo.","og_url":"https:\/\/oratoriosolomeo.it\/it\/contatti\/","og_site_name":"Oratorio Solomeo","article_modified_time":"2025-02-17T07:19:19+00:00","og_image":[{"url":"https:\/\/oratoriosolomeo.it\/\/wp-content\/uploads\/2025\/01\/img-contatti.jpg","type":"","width":"","height":""}],"twitter_card":"summary_large_image","twitter_misc":{"Tempo di lettura stimato":"1 minuto"},"schema":{"@context":"https:\/\/schema.org","@graph":[{"@type":"WebPage","@id":"https:\/\/oratoriosolomeo.it\/it\/contatti\/","url":"https:\/\/oratoriosolomeo.it\/it\/contatti\/","name":"Contatti | Oratorio Solomeo","isPartOf":{"@id":"https:\/\/oratoriosolomeo.it\/it\/#website"},"primaryImageOfPage":{"@id":"https:\/\/oratoriosolomeo.it\/it\/contatti\/#primaryimage"},"image":{"@id":"https:\/\/oratoriosolomeo.it\/it\/contatti\/#primaryimage"},"thumbnailUrl":"https:\/\/oratoriosolomeo.it\/\/wp-content\/uploads\/2025\/01\/img-contatti.jpg","datePublished":"2025-01-31T08:22:34+00:00","dateModified":"2025-02-17T07:19:19+00:00","description":"Scopri come entrare in contatto con Oratorio Solomeo. Siamo a tua disposizione per prenotazioni sulle attivit\u00e0 presso il campus sportivo.","breadcrumb":{"@id":"https:\/\/oratoriosolomeo.it\/it\/contatti\/#breadcrumb"},"inLanguage":"it-IT","potentialAction":[{"@type":"ReadAction","target":["https:\/\/oratoriosolomeo.it\/it\/contatti\/"]}]},{"@type":"ImageObject","inLanguage":"it-IT","@id":"https:\/\/oratoriosolomeo.it\/it\/contatti\/#primaryimage","url":"https:\/\/oratoriosolomeo.it\/\/wp-content\/uploads\/2025\/01\/img-contatti.jpg","contentUrl":"https:\/\/oratoriosolomeo.it\/\/wp-content\/uploads\/2025\/01\/img-contatti.jpg"},{"@type":"BreadcrumbList","@id":"https:\/\/oratoriosolomeo.it\/it\/contatti\/#breadcrumb","itemListElement":[{"@type":"ListItem","position":1,"name":"Home","item":"https:\/\/oratoriosolomeo.it\/it\/"},{"@type":"ListItem","position":2,"name":"Contatti"}]},{"@type":"WebSite","@id":"https:\/\/oratoriosolomeo.it\/it\/#website","url":"https:\/\/oratoriosolomeo.it\/it\/","name":"Oratorio Solomeo","description":"","potentialAction":[{"@type":"SearchAction","target":{"@type":"EntryPoint","urlTemplate":"https:\/\/oratoriosolomeo.it\/it\/?s={search_term_string}"},"query-input":{"@type":"PropertyValueSpecification","valueRequired":true,"valueName":"search_term_string"}}],"inLanguage":"it-IT"}]}},"_links":{"self":[{"href":"https:\/\/oratoriosolomeo.it\/it\/wp-json\/wp\/v2\/pages\/75","targetHints":{"allow":["GET"]}}],"collection":[{"href":"https:\/\/oratoriosolomeo.it\/it\/wp-json\/wp\/v2\/pages"}],"about":[{"href":"https:\/\/oratoriosolomeo.it\/it\/wp-json\/wp\/v2\/types\/page"}],"author":[{"embeddable":true,"href":"https:\/\/oratoriosolomeo.it\/it\/wp-json\/wp\/v2\/users\/1"}],"replies":[{"embeddable":true,"href":"https:\/\/oratoriosolomeo.it\/it\/wp-json\/wp\/v2\/comments?post=75"}],"version-history":[{"count":14,"href":"https:\/\/oratoriosolomeo.it\/it\/wp-json\/wp\/v2\/pages\/75\/revisions"}],"predecessor-version":[{"id":314,"href":"https:\/\/oratoriosolomeo.it\/it\/wp-json\/wp\/v2\/pages\/75\/revisions\/314"}],"wp:attachment":[{"href":"https:\/\/oratoriosolomeo.it\/it\/wp-json\/wp\/v2\/media?parent=75"}],"curies":[{"name":"wp","href":"https:\/\/api.w.org\/{rel}","templated":true}]}}