{"id":3,"date":"2025-01-30T11:07:33","date_gmt":"2025-01-30T11:07:33","guid":{"rendered":"http:\/\/localhost:8093\/?page_id=3"},"modified":"2025-02-17T10:55:52","modified_gmt":"2025-02-17T10:55:52","slug":"privacy-policy","status":"publish","type":"page","link":"https:\/\/oratoriosolomeo.it\/it\/privacy-policy\/","title":{"rendered":"Privacy Policy"},"content":{"rendered":"\n\n                    \n                            <h1 class=\"section-simple__title\">Privacy Policy<\/h1>\n                            \n                \n\n\n\n<p><\/p>\n\n\n\n<p>La presente Privacy Policy \u00e8 stata redatta, ai sensi dell&#8217;articolo 13 del Regolamento (UE) 2016\/679 (di seguito, anche il &#8220;<strong>Regolamento<\/strong>&#8220;), al fine di informare coloro che interagiscono con il Sito web <a href=\"http:\/\/www.oratoriosolomeo.it\">www.oratoriosolomeo.it<\/a>\u00a0(di seguito, anche il \u201c<strong>Sito<\/strong>\u201d) riguardo alle modalit\u00e0 con cui i dati personali saranno trattati sia mediante la semplice consultazione che mediante l\u2019utilizzo di specifici canali di richiesta informazioni messi a disposizione tramite il Sito.<br>L&#8217;informativa \u00e8 resa per il Sito sopra riportato e non anche per altri siti web eventualmente consultabili dall&#8217;utente tramite link presenti nel Sito (per i quali si rinvia alle rispettive privacy policy).\u00a0<br>\u00a0<br>***\u00a0<br><strong>1. TITOLARE DEL TRATTAMENTO<\/strong><br>Il Titolare del trattamento \u00e8 Solomeo Castel Rigone S.S.D. arl., con sede legale in Piazzetta dei sapienti n. 1, Solomeo &#8211; Perugia, Italia (di seguito, \u201c<strong>Titolare<\/strong>\u201d), raggiungibile all\u2019indirizzo e-mail info@oratoriosolomeo.it. \u00a0<br>\u00a0<br><strong>2. I DATI PERSONALI OGGETTO DI TRATTAMENTO\u00a0<\/strong><br>La informiamo che, utilizzando il Sito, il Titolare potr\u00e0 raccogliere ed elaborare informazioni e dati personali a Lei riferibili e che potranno essere costituiti da un identificativo come il nome, un numero di identificazione, dati relativi all&#8217;ubicazione, a un identificativo online o a uno o pi\u00f9 elementi caratteristici della Sua identit\u00e0 fisica, fisiologica, psichica, economica, culturale o sociale idonei a identificarLa o renderLa identificabile, a seconda del tipo di servizi richiesti da lei richiesti (di seguito, anche \u201c<strong>Dati Personali<\/strong>\u201d).\u00a0<br>\u00a0<br>In particolare, il Titolare tratter\u00e0 le seguenti categorie di Dati Personali:\u00a0<br>\u00a0<br><strong><u>a. Dati di navigazione<\/u><\/strong>\u00a0<br>Il Titolare tratter\u00e0 i Dati Personali raccolti nell\u2019ambito della Sua navigazione sul Sito. Tali Dati Personali comprendono, ad esempio, l&#8217;indirizzo IP, l&#8217;ubicazione (nazione), i nomi a dominio del computer o del dispositivo da Lei utilizzato, gli indirizzi URI (Uniform Resource Identifier) delle risorse richieste sul Sito, l&#8217;orario delle richieste, il metodo utilizzato per inviare le richieste al server, le dimensioni del file ottenuto in risposta ad una richiesta, il codice numerico indicante lo stato della risposta data dal server (buon fine, errore, ecc.), e cos\u00ec via.<br>Il funzionamento del Sito, infatti, comporta l&#8217;uso di sistemi informatici e procedure software che raccolgono informazioni sugli utenti del Sito come parte del loro normale funzionamento. Sebbene il Titolare non raccolga tali informazioni al fine di collegarle a specifici utenti, \u00e8 comunque possibile identificare tali utenti sia direttamente tramite tali informazioni, sia utilizzando altre informazioni raccolte &#8211; in quanto tali, anche queste informazioni sono considerate dati personali.\u00a0<br>\u00a0<br><strong><u>b. Dati da Lei volontariamente forniti<\/u><\/strong><br>Il Titolare tratter\u00e0 i Dati Personali da Lei eventualmente forniti nell\u2019ambito di richieste inoltrate agli indirizzi di posta elettronica e ai numeri telefonici di assistenza presenti sul Sito e\/o attraverso la compilazione del modulo presente all\u2019interno dello stesso, nello specifico:<br>\u00a0<br>Con riferimento alle richieste inoltrate al Titolare, La invitiamo a condividere soltanto i dati personali strettamente necessari ai fini della gestione della Sua richiesta, escludendo quindi informazioni non pertinenti e\/o che possano rientrare nel novero delle categorie particolari di dati personali di cui all\u2019art. 9 del GDPR ([\u2026]dati personali che rivelino l&#8217;origine razziale o etnica, le opinioni politiche, le convinzioni religiose o filosofiche, o l&#8217;appartenenza sindacale, dati genetici, dati biometrici intesi a identificare in modo univoco una persona fisica, dati relativi alla salute o alla vita sessuale o all&#8217;orientamento sessuale della persona). A fronte della trasmissione di dati personali non pertinenti n\u00e9 strettamente necessari alla gestione della richiesta, il Titolare si asterr\u00e0 dal trattare tali dati e provveder\u00e0 alla loro immediata cancellazione.<br>\u00a0<br><strong><u>c. Cookie<\/u><\/strong>\u00a0<br>Il Titolare tratter\u00e0 i Dati Personali raccolti attraverso i cookie e altri strumenti di tracciamento. Per avere maggiori informazioni sui Dati Personali trattati attraverso i cookie e altri strumenti di tracciamento, La invitiamo a consultare la relativa <a href=\"https:\/\/oratoriosolomeo.it\/it\/cookie-policy\/\">Cookie Policy<\/a>.<br>\u00a0<br><strong>3. FINALIT\u00c0 E BASE GIURIDICA DEL TRATTAMENTO\u00a0<\/strong><br>I Suoi Dati Personali verranno trattati per le seguenti finalit\u00e0:\u00a0<br>\u00a0<br><strong><u>a) consentire la navigazione del Sito e l\u2019interazione con i contenuti ivi presenti, compresa la gestione della sicurezza del Sito<\/u><\/strong><br>Il Titolare tratter\u00e0, ai sensi dell\u2019art. 6, lett. b), del Regolamento, i Dati Personali di cui al precedente paragrafo 2, lett. a), al fine di permetterle di accedere e navigare sul Sito nonch\u00e9 di garantire il corretto funzionamento dello stesso.<br>Il conferimento dei Dati Personali per tale finalit\u00e0 \u00e8 facoltativo ma l\u2019eventuale mancato conferimento comporterebbe l\u2019impossibilit\u00e0 di accedere e navigare sul Sito.<br>\u00a0<br><strong><u>b) gestire e riscontrare specifiche richieste rivolte al Titolare inoltrate attraverso i canali di contatto del Titolare disponibili sul Sito<\/u><\/strong><br>Il Titolare tratter\u00e0, ai sensi dell\u2019art. 6, lett. b) del Regolamento, i Dati Personali di cui al precedente paragrafo 2, lett. b), da Lei forniti nell\u2019ambito di specifiche richieste inoltrate agli indirizzi di posta elettronica e ai numeri telefonici di assistenza presenti sul Sito.<br>Il conferimento dei Dati Personali per tale finalit\u00e0 \u00e8 facoltativo ma l\u2019eventuale mancato conferimento comporterebbe l\u2019impossibilit\u00e0 di inoltrare la richiesta e, di conseguenza, di ricevere un riscontro da parte del Titolare.<br>\u00a0<br><strong><u>c) adempiere a eventuali obblighi previsti dalle leggi vigenti, da regolamenti o dalla normativa comunitaria, o soddisfare richieste provenienti dalle autorit\u00e0<\/u><\/strong><br>Il Titolare tratter\u00e0, ai sensi dell\u2019art. 6, lett. c) del Regolamento, i Dati Personali di cui al precedente paragrafo 2 al fine di adempiere ad un obbligo normativo gravante sullo stesso.<br>\u00a0<br><strong><u>d) soddisfare eventuali esigenze difensive, eventualmente connesse alla rilevazione, prevenzione, mitigazione e accertamento di attivit\u00e0 fraudolente o illegali in relazione ai servizi forniti sul sito<\/u><\/strong><br>Il Titolare tratter\u00e0, ai sensi dell\u2019art. 6, lett. f) del Regolamento, i Dati Personali di cui al precedente paragrafo al fine di difendere un proprio diritto e\/o interesse legittimo in sede giudiziale e stragiudiziale. Le ricordiamo che, ai sensi dell\u2019art. 21 del Regolamento, Lei ha la facolt\u00e0 di opporsi in qualunque momento, sulla base di una Sua situazione particolare, al trattamento dei Suoi Dati Personali per tale finalit\u00e0. In caso di opposizione, il Titolare si riserva di valutare tale istanza, che potrebbe non essere accettata nel caso sussistano motivi legittimi cogenti per procedere al trattamento che prevalgano sui Suoi interessi, diritti e libert\u00e0.<br>.<br>\u00a0\u00a0<br><strong>4. DESTINATARI DEI DATI PERSONALI\u00a0<\/strong><br>I Suoi Dati Personali potranno essere condivisi, per le finalit\u00e0 di cui al paragrafo 2 della presente Privacy Policy, con:<br>\u00a0<br>&#8211; persone autorizzate dal Titolare, ai sensi degli artt. 29 e 32 del Regolamento e 2-quaterdecies del D. Lgs. 196\/2003 (cd. \u201cCodice Privacy\u201d), al trattamento di dati personali necessario a svolgere attivit\u00e0 strettamente correlate all&#8217;erogazione dei servizi, che si siano impegnate alla riservatezza o abbiano un adeguato obbligo legale di riservatezza;<br>\u00a0<br>&#8211; soggetti che agiscono tipicamente in qualit\u00e0 di responsabili del trattamento ex art. 28 del Regolamento per conto del Titolare, in particolare soggetti incaricati dell&#8217;erogazione di servizi necessari per la fruibilit\u00e0 del Sito (ad esempio, hosting provider, fornitori di servizi di manutenzione tecnica ecc.); l\u2019elenco completo dei responsabili del trattamento \u00e8 disponibile inviando una richiesta scritta al Titolare o al DPO ai recapiti indicati nel precedente paragrafo 1.<br>\u00a0<br>Inoltre, il Titolare potrebbe comunicare i Suoi Dati Personali a soggetti, enti o autorit\u00e0 la cui comunicazione risulti obbligatoria in forza di disposizioni di legge o di ordini delle autorit\u00e0.\u00a0Tali soggetti tratteranno i Dati Personali in qualit\u00e0 di autonomi titolari del trattamento.<br>\u00a0<br>Tali soggetti sono, di seguito, collettivamente definiti come\u00a0<strong>\u201cDestinatari\u201d<\/strong>.\u00a0\u00a0<br>\u00a0<br><strong>5. TRASFERIMENTI DEI DATI PERSONALI\u00a0<\/strong><br>Alcuni dei Suoi dati personali potranno essere condivisi con Destinatari localizzati al di fuori dello Spazio Economico Europeo. Il Titolare assicura che il trattamento Suoi dati personali da parte di questi Destinatari avviene nel rispetto della normativa ovvero secondo una delle modalit\u00e0 consentite dalla legge ai sensi degli artt. 44-49 del Regolamento, quali ad esempio il consenso dell\u2019interessato, l\u2019adozione di Clausole Standard approvate dalla Commissione Europea, la selezione di soggetti aderenti a programmi internazionali per la libera circolazione dei dati,\u00a0nel rispetto di quanto disposto dalle Raccomandazioni 01\/2020\u00a0 adottate il 10 novembre 2020\u00a0 dal Comitato Europeo per la Protezione dei Dati.<br>\u00a0<br>\u00c8 possibile richiedere maggiori informazioni in merito ai trasferimenti di dati effettuati ed alle garanzie a tal fine adottate, scrivendo al Titolare ai recapiti indicati nel precedente paragrafo 1.<br>\u00a0<br>\u00a0<br><strong>7. CONSERVAZIONE DEI DATI PERSONALI\u00a0<\/strong><br>I Dati Personali trattati per le finalit\u00e0 di cui al paragrafo 3, lett. a) e b) della presente Privacy Policy saranno trattati per il tempo strettamente necessario a raggiungere quelle stesse finalit\u00e0, nel rispetto dei principi di minimizzazione e limitazione della conservazione di cui all\u2019art. 5, par. 1, lett. c) e d) del Regolamento.<br>I Dati Personali trattati per le finalit\u00e0 di cui al paragrafo 3, lett. c) della presente Privacy Policy saranno conservati fino al tempo previsto dallo specifico obbligo o norma di legge applicabile.\u00a0<br>Il Titolare si riserva, inoltre, di conservare i Dati Personali anche per tutto il tempo necessario per accertare ed esercitare un proprio diritto e\/o soddisfare eventuali esigenze difensive in giudizio nonch\u00e9 in ambito stragiudiziale e nelle fasi che precedono il contenzioso.\u00a0<br>Maggiori informazioni in merito al periodo di conservazione dei dati e ai criteri utilizzati per determinare tale periodo possono essere richieste scrivendo al Titolare ai recapiti indicati nel precedente paragrafo 1.<br>\u00a0<br>\u00a0<br><strong>8. DIRITTI DELL\u2019INTERESSATO\u00a0<\/strong><br>Lei, in qualit\u00e0 di interessato, pu\u00f2, in qualsiasi momento, esercitare i seguenti diritti:\u00a0<br>Diritto di accesso (art. 15 del Regolamento) \u2013 Lei ha il diritto di ottenere la conferma circa l\u2019esistenza o meno di un trattamento concernente i Suoi dati personale nonch\u00e9 il diritto di ricevere ogni informazione relativa al medesimo trattamento;\u00a0<br>Diritto di rettifica (art. 16 del Regolamento) \u2013 Lei ha il diritto di ottenere la rettifica dei Suoi dati personali, qualora gli stessi siano incompleti o inesatti; si fa presente che, rispetto ai dati personali raccolti attraverso i sistemi di audio e video ripresa, non \u00e8 in concreto esercitabile il diritto di rettifica in considerazione della natura intrinseca degli stessi dati raccolti, che attengono ad un fatto obiettivo e determinato;\u00a0<br>Diritto alla cancellazione (art. 17 del Regolamento) \u2013 in talune circostanze, Lei ha il diritto di ottenere la cancellazione dei Suoi dati personali presenti all\u2019interno dei nostri archivi;\u00a0<br>Diritto alla limitazione del trattamento (art. 18 del Regolamento) \u2013 al verificarsi di talune condizioni, Lei ha il diritto di ottenere la limitazione del trattamento dei Suoi dati personali;\u00a0<br>Diritto alla portabilit\u00e0 (art. 20 del Regolamento) \u2013 Lei ha il diritto di ottenere il trasferimento dei Suoi dati personali verso un diverso titolare del trattamento nonch\u00e9 il diritto di ottenere in un formato strutturato, di uso comune e leggibile da dispositivo automatico i dati che La riguardano;\u00a0<br>Diritto di opposizione (art. 21 del Regolamento) \u2013 Lei ha il diritto di formulare una richiesta di opposizione al trattamento dei Suoi dati personali nella quale dare evidenza delle ragioni che giustifichino l\u2019opposizione; il Titolare si riserva di valutare tale istanza, che potrebbe non essere accettata nel caso sussistano motivi legittimi cogenti per procedere al trattamento che prevalgano sui Suoi interessi, diritti e libert\u00e0.\u00a0<br>\u00a0<br>Per esercitare i diritti di cui sopra pu\u00f2 scrivere al Titolare del trattamento all\u2019indirizzo Piazzetta dei sapienti n. 1, Solomeo &#8211; Perugia, Italia ovvero all\u2019indirizzo e-mail info@oratoriosolomeo.it.<br>\u00a0<br>Inoltre, qualora ritenga che il trattamento dei Suoi Dati Personali violi la normativa in materia di protezione dei dati personali, La informiamo che ha la facolt\u00e0, ai sensi dell\u2019art. 77 del Regolamento, di proporre un reclamo all\u2019Autorit\u00e0 di controllo dello Stato membro in cui risiede abitualmente, lavora oppure del luogo ove si \u00e8 verificata la presunta violazione.<br>\u00a0<br><strong>9. MODIFICHE\u00a0<\/strong><br>Il Titolare si riserva di modificare o semplicemente aggiornare il contenuto della presente Privacy Policy, in parte o completamente, anche a causa di variazioni della normativa applicabile. Il Titolare La invita quindi a visitare con regolarit\u00e0 questa sezione per prendere cognizione della pi\u00f9 recente ed aggiornata versione della Privacy Policy in modo da essere sempre aggiornato sui dati raccolti e del relativo trattamento da parte del Titolare.\u00a0<\/p>\n","protected":false},"excerpt":{"rendered":"<p>La presente Privacy Policy \u00e8 stata redatta, ai sensi dell&#8217;articolo 13 del Regolamento (UE) 2016\/679 (di seguito, anche il &#8220;Regolamento&#8220;), al fine di informare coloro che interagiscono con il Sito web www.oratoriosolomeo.it\u00a0(di seguito, anche il \u201cSito\u201d) riguardo alle modalit\u00e0 con cui i dati personali saranno trattati sia mediante la semplice consultazione che mediante l\u2019utilizzo di [&hellip;]<\/p>\n","protected":false},"author":1,"featured_media":0,"parent":0,"menu_order":0,"comment_status":"closed","ping_status":"open","template":"templates\/text-page.php","meta":{"footnotes":""},"class_list":["post-3","page","type-page","status-publish","hentry"],"yoast_head":"<!-- This site is optimized with the Yoast SEO plugin v24.4 - https:\/\/yoast.com\/wordpress\/plugins\/seo\/ -->\n<title>Privacy Policy | Oratorio Solomeo<\/title>\n<meta name=\"description\" content=\"La Privacy Policy del sito Oratorio Solomeo.\" \/>\n<meta name=\"robots\" content=\"index, follow, max-snippet:-1, max-image-preview:large, max-video-preview:-1\" \/>\n<link rel=\"canonical\" href=\"https:\/\/oratoriosolomeo.it\/it\/privacy-policy\/\" \/>\n<meta property=\"og:locale\" content=\"it_IT\" \/>\n<meta property=\"og:type\" content=\"article\" \/>\n<meta property=\"og:title\" content=\"Privacy Policy | Oratorio Solomeo\" \/>\n<meta property=\"og:description\" content=\"La Privacy Policy del sito Oratorio Solomeo.\" \/>\n<meta property=\"og:url\" content=\"https:\/\/oratoriosolomeo.it\/it\/privacy-policy\/\" \/>\n<meta property=\"og:site_name\" content=\"Oratorio Solomeo\" \/>\n<meta property=\"article:modified_time\" content=\"2025-02-17T10:55:52+00:00\" \/>\n<meta name=\"twitter:card\" content=\"summary_large_image\" \/>\n<meta name=\"twitter:label1\" content=\"Tempo di lettura stimato\" \/>\n\t<meta name=\"twitter:data1\" content=\"9 minuti\" \/>\n<script type=\"application\/ld+json\" class=\"yoast-schema-graph\">{\"@context\":\"https:\/\/schema.org\",\"@graph\":[{\"@type\":\"WebPage\",\"@id\":\"https:\/\/oratoriosolomeo.it\/it\/privacy-policy\/\",\"url\":\"https:\/\/oratoriosolomeo.it\/it\/privacy-policy\/\",\"name\":\"Privacy Policy | Oratorio Solomeo\",\"isPartOf\":{\"@id\":\"https:\/\/oratoriosolomeo.it\/it\/#website\"},\"datePublished\":\"2025-01-30T11:07:33+00:00\",\"dateModified\":\"2025-02-17T10:55:52+00:00\",\"description\":\"La Privacy Policy del sito Oratorio Solomeo.\",\"breadcrumb\":{\"@id\":\"https:\/\/oratoriosolomeo.it\/it\/privacy-policy\/#breadcrumb\"},\"inLanguage\":\"it-IT\",\"potentialAction\":[{\"@type\":\"ReadAction\",\"target\":[\"https:\/\/oratoriosolomeo.it\/it\/privacy-policy\/\"]}]},{\"@type\":\"BreadcrumbList\",\"@id\":\"https:\/\/oratoriosolomeo.it\/it\/privacy-policy\/#breadcrumb\",\"itemListElement\":[{\"@type\":\"ListItem\",\"position\":1,\"name\":\"Home\",\"item\":\"https:\/\/oratoriosolomeo.it\/it\/\"},{\"@type\":\"ListItem\",\"position\":2,\"name\":\"Privacy Policy\"}]},{\"@type\":\"WebSite\",\"@id\":\"https:\/\/oratoriosolomeo.it\/it\/#website\",\"url\":\"https:\/\/oratoriosolomeo.it\/it\/\",\"name\":\"Oratorio Solomeo\",\"description\":\"\",\"potentialAction\":[{\"@type\":\"SearchAction\",\"target\":{\"@type\":\"EntryPoint\",\"urlTemplate\":\"https:\/\/oratoriosolomeo.it\/it\/?s={search_term_string}\"},\"query-input\":{\"@type\":\"PropertyValueSpecification\",\"valueRequired\":true,\"valueName\":\"search_term_string\"}}],\"inLanguage\":\"it-IT\"}]}<\/script>\n<!-- \/ Yoast SEO plugin. -->","yoast_head_json":{"title":"Privacy Policy | Oratorio Solomeo","description":"La Privacy Policy del sito Oratorio Solomeo.","robots":{"index":"index","follow":"follow","max-snippet":"max-snippet:-1","max-image-preview":"max-image-preview:large","max-video-preview":"max-video-preview:-1"},"canonical":"https:\/\/oratoriosolomeo.it\/it\/privacy-policy\/","og_locale":"it_IT","og_type":"article","og_title":"Privacy Policy | Oratorio Solomeo","og_description":"La Privacy Policy del sito Oratorio Solomeo.","og_url":"https:\/\/oratoriosolomeo.it\/it\/privacy-policy\/","og_site_name":"Oratorio Solomeo","article_modified_time":"2025-02-17T10:55:52+00:00","twitter_card":"summary_large_image","twitter_misc":{"Tempo di lettura stimato":"9 minuti"},"schema":{"@context":"https:\/\/schema.org","@graph":[{"@type":"WebPage","@id":"https:\/\/oratoriosolomeo.it\/it\/privacy-policy\/","url":"https:\/\/oratoriosolomeo.it\/it\/privacy-policy\/","name":"Privacy Policy | Oratorio Solomeo","isPartOf":{"@id":"https:\/\/oratoriosolomeo.it\/it\/#website"},"datePublished":"2025-01-30T11:07:33+00:00","dateModified":"2025-02-17T10:55:52+00:00","description":"La Privacy Policy del sito Oratorio Solomeo.","breadcrumb":{"@id":"https:\/\/oratoriosolomeo.it\/it\/privacy-policy\/#breadcrumb"},"inLanguage":"it-IT","potentialAction":[{"@type":"ReadAction","target":["https:\/\/oratoriosolomeo.it\/it\/privacy-policy\/"]}]},{"@type":"BreadcrumbList","@id":"https:\/\/oratoriosolomeo.it\/it\/privacy-policy\/#breadcrumb","itemListElement":[{"@type":"ListItem","position":1,"name":"Home","item":"https:\/\/oratoriosolomeo.it\/it\/"},{"@type":"ListItem","position":2,"name":"Privacy Policy"}]},{"@type":"WebSite","@id":"https:\/\/oratoriosolomeo.it\/it\/#website","url":"https:\/\/oratoriosolomeo.it\/it\/","name":"Oratorio Solomeo","description":"","potentialAction":[{"@type":"SearchAction","target":{"@type":"EntryPoint","urlTemplate":"https:\/\/oratoriosolomeo.it\/it\/?s={search_term_string}"},"query-input":{"@type":"PropertyValueSpecification","valueRequired":true,"valueName":"search_term_string"}}],"inLanguage":"it-IT"}]}},"_links":{"self":[{"href":"https:\/\/oratoriosolomeo.it\/it\/wp-json\/wp\/v2\/pages\/3","targetHints":{"allow":["GET"]}}],"collection":[{"href":"https:\/\/oratoriosolomeo.it\/it\/wp-json\/wp\/v2\/pages"}],"about":[{"href":"https:\/\/oratoriosolomeo.it\/it\/wp-json\/wp\/v2\/types\/page"}],"author":[{"embeddable":true,"href":"https:\/\/oratoriosolomeo.it\/it\/wp-json\/wp\/v2\/users\/1"}],"replies":[{"embeddable":true,"href":"https:\/\/oratoriosolomeo.it\/it\/wp-json\/wp\/v2\/comments?post=3"}],"version-history":[{"count":9,"href":"https:\/\/oratoriosolomeo.it\/it\/wp-json\/wp\/v2\/pages\/3\/revisions"}],"predecessor-version":[{"id":332,"href":"https:\/\/oratoriosolomeo.it\/it\/wp-json\/wp\/v2\/pages\/3\/revisions\/332"}],"wp:attachment":[{"href":"https:\/\/oratoriosolomeo.it\/it\/wp-json\/wp\/v2\/media?parent=3"}],"curies":[{"name":"wp","href":"https:\/\/api.w.org\/{rel}","templated":true}]}}